{"id":95,"date":"2024-10-31T19:27:44","date_gmt":"2024-10-31T18:27:44","guid":{"rendered":"https:\/\/eclat-animalier.fr\/?page_id=95"},"modified":"2025-02-20T21:46:14","modified_gmt":"2025-02-20T20:46:14","slug":"portrait-animal-animalier-dessin-esquisse-fusain-sanguine-feutres-crayon-de-papier-crayon-pierre-noire-art-fait-main-oeuvre-unique-felin-lion-tigre-commande-eclat-animalier-eclat-ani","status":"publish","type":"page","link":"https:\/\/eclat-animalier.fr\/index.php\/portrait-animal-animalier-dessin-esquisse-fusain-sanguine-feutres-crayon-de-papier-crayon-pierre-noire-art-fait-main-oeuvre-unique-felin-lion-tigre-commande-eclat-animalier-eclat-ani\/","title":{"rendered":"F\u00e9lins"},"content":{"rendered":"\t\t<div data-elementor-type=\"wp-page\" data-elementor-id=\"95\" class=\"elementor elementor-95\">\n\t\t\t\t<div class=\"elementor-element elementor-element-1e08c38 e-flex e-con-boxed e-con e-parent\" data-id=\"1e08c38\" data-element_type=\"container\" data-e-type=\"container\">\n\t\t\t\t\t<div class=\"e-con-inner\">\n\t\t\t\t<div class=\"elementor-element elementor-element-352f5bb elementor-widget elementor-widget-image\" data-id=\"352f5bb\" data-element_type=\"widget\" data-e-type=\"widget\" data-widget_type=\"image.default\">\n\t\t\t\t<div class=\"elementor-widget-container\">\n\t\t\t\t\t\t\t\t\t\t\t\t\t\t\t<img fetchpriority=\"high\" decoding=\"async\" width=\"1024\" height=\"800\" src=\"https:\/\/eclat-animalier.fr\/wp-content\/uploads\/2024\/10\/lion-fini2-1024x800.jpg\" class=\"attachment-large size-large wp-image-13\" alt=\"\" srcset=\"https:\/\/eclat-animalier.fr\/wp-content\/uploads\/2024\/10\/lion-fini2-1024x800.jpg 1024w, https:\/\/eclat-animalier.fr\/wp-content\/uploads\/2024\/10\/lion-fini2-300x234.jpg 300w, https:\/\/eclat-animalier.fr\/wp-content\/uploads\/2024\/10\/lion-fini2-768x600.jpg 768w, https:\/\/eclat-animalier.fr\/wp-content\/uploads\/2024\/10\/lion-fini2-1536x1199.jpg 1536w, https:\/\/eclat-animalier.fr\/wp-content\/uploads\/2024\/10\/lion-fini2-rotated.jpg 1752w\" sizes=\"(max-width: 1024px) 100vw, 1024px\" \/>\t\t\t\t\t\t\t\t\t\t\t\t\t\t\t<\/div>\n\t\t\t\t<\/div>\n\t\t\t\t<div class=\"elementor-element elementor-element-ad62184 elementor-widget elementor-widget-text-editor\" data-id=\"ad62184\" data-element_type=\"widget\" data-e-type=\"widget\" data-widget_type=\"text-editor.default\">\n\t\t\t\t<div class=\"elementor-widget-container\">\n\t\t\t\t\t\t\t\t\t<p>Lion r\u00e9alis\u00e9 au pastel et crayon pierre noire<\/p><p>Papier noir 160g \/ m\u00b2<\/p><p>Format 50 X 65 cm<\/p>\t\t\t\t\t\t\t\t<\/div>\n\t\t\t\t<\/div>\n\t\t\t\t\t<\/div>\n\t\t\t\t<\/div>\n\t\t<div class=\"elementor-element elementor-element-c3f81a8 e-flex e-con-boxed e-con e-parent\" data-id=\"c3f81a8\" data-element_type=\"container\" data-e-type=\"container\">\n\t\t\t\t\t<div class=\"e-con-inner\">\n\t\t\t\t<div class=\"elementor-element elementor-element-db68208 elementor-widget elementor-widget-image\" data-id=\"db68208\" data-element_type=\"widget\" data-e-type=\"widget\" data-widget_type=\"image.default\">\n\t\t\t\t<div class=\"elementor-widget-container\">\n\t\t\t\t\t\t\t\t\t\t\t\t\t\t\t<img decoding=\"async\" width=\"742\" height=\"1024\" src=\"https:\/\/eclat-animalier.fr\/wp-content\/uploads\/2024\/10\/tigre1-742x1024.jpg\" class=\"attachment-large size-large wp-image-8\" alt=\"\" srcset=\"https:\/\/eclat-animalier.fr\/wp-content\/uploads\/2024\/10\/tigre1-742x1024.jpg 742w, https:\/\/eclat-animalier.fr\/wp-content\/uploads\/2024\/10\/tigre1-218x300.jpg 218w, https:\/\/eclat-animalier.fr\/wp-content\/uploads\/2024\/10\/tigre1-768x1059.jpg 768w, https:\/\/eclat-animalier.fr\/wp-content\/uploads\/2024\/10\/tigre1.jpg 931w\" sizes=\"(max-width: 742px) 100vw, 742px\" \/>\t\t\t\t\t\t\t\t\t\t\t\t\t\t\t<\/div>\n\t\t\t\t<\/div>\n\t\t\t\t\t<\/div>\n\t\t\t\t<\/div>\n\t\t<div class=\"elementor-element elementor-element-22bba6a e-flex e-con-boxed e-con e-parent\" data-id=\"22bba6a\" data-element_type=\"container\" data-e-type=\"container\">\n\t\t\t\t\t<div class=\"e-con-inner\">\n\t\t\t\t<div class=\"elementor-element elementor-element-bc6e3ab elementor-widget elementor-widget-text-editor\" data-id=\"bc6e3ab\" data-element_type=\"widget\" data-e-type=\"widget\" data-widget_type=\"text-editor.default\">\n\t\t\t\t<div class=\"elementor-widget-container\">\n\t\t\t\t\t\t\t\t\t<p>Tigre r\u00e9alis\u00e9 \u00e0 la craie carr\u00e9e blanche (pastel)<\/p><p>Papier noir 160g\/m\u00b2<\/p><p>Format 32,5 X 50 cm<\/p>\t\t\t\t\t\t\t\t<\/div>\n\t\t\t\t<\/div>\n\t\t\t\t<div class=\"elementor-element elementor-element-cfa69b2 elementor-widget elementor-widget-image\" data-id=\"cfa69b2\" data-element_type=\"widget\" data-e-type=\"widget\" data-widget_type=\"image.default\">\n\t\t\t\t<div class=\"elementor-widget-container\">\n\t\t\t\t\t\t\t\t\t\t\t\t\t\t\t<img decoding=\"async\" width=\"1024\" height=\"664\" src=\"https:\/\/eclat-animalier.fr\/wp-content\/uploads\/2024\/10\/panthere-finie-fine-2-1024x664.jpg\" class=\"attachment-large size-large wp-image-12\" alt=\"\" srcset=\"https:\/\/eclat-animalier.fr\/wp-content\/uploads\/2024\/10\/panthere-finie-fine-2-1024x664.jpg 1024w, https:\/\/eclat-animalier.fr\/wp-content\/uploads\/2024\/10\/panthere-finie-fine-2-300x195.jpg 300w, https:\/\/eclat-animalier.fr\/wp-content\/uploads\/2024\/10\/panthere-finie-fine-2-768x498.jpg 768w, https:\/\/eclat-animalier.fr\/wp-content\/uploads\/2024\/10\/panthere-finie-fine-2-rotated.jpg 1280w\" sizes=\"(max-width: 1024px) 100vw, 1024px\" \/>\t\t\t\t\t\t\t\t\t\t\t\t\t\t\t<\/div>\n\t\t\t\t<\/div>\n\t\t\t\t\t<\/div>\n\t\t\t\t<\/div>\n\t\t<div class=\"elementor-element elementor-element-d5a2a7e e-flex e-con-boxed e-con e-parent\" data-id=\"d5a2a7e\" data-element_type=\"container\" data-e-type=\"container\">\n\t\t\t\t\t<div class=\"e-con-inner\">\n\t\t\t\t<div class=\"elementor-element elementor-element-3363385 elementor-widget elementor-widget-text-editor\" data-id=\"3363385\" data-element_type=\"widget\" data-e-type=\"widget\" data-widget_type=\"text-editor.default\">\n\t\t\t\t<div class=\"elementor-widget-container\">\n\t\t\t\t\t\t\t\t\t<p>Panth\u00e8re noire dans la neige<\/p><p>R\u00e9alis\u00e9e \u00e0 l&rsquo;aide de pastels et d&rsquo;un crayon pierre noire<\/p><p>Papier noir 160 g\/m\u00b2<\/p><p>Format 50 X 32,5 cm<\/p>\t\t\t\t\t\t\t\t<\/div>\n\t\t\t\t<\/div>\n\t\t\t\t\t<\/div>\n\t\t\t\t<\/div>\n\t\t<div class=\"elementor-element elementor-element-dcab150 e-flex e-con-boxed e-con e-parent\" data-id=\"dcab150\" data-element_type=\"container\" data-e-type=\"container\">\n\t\t\t\t\t<div class=\"e-con-inner\">\n\t\t\t\t<div class=\"elementor-element elementor-element-2809236 elementor-button-info elementor-align-center elementor-invisible elementor-widget elementor-widget-button\" data-id=\"2809236\" data-element_type=\"widget\" data-e-type=\"widget\" data-settings=\"{&quot;_animation&quot;:&quot;fadeInUp&quot;}\" data-widget_type=\"button.default\">\n\t\t\t\t<div class=\"elementor-widget-container\">\n\t\t\t\t\t\t\t\t\t<div class=\"elementor-button-wrapper\">\n\t\t\t\t\t<a class=\"elementor-button elementor-button-link elementor-size-sm elementor-animation-grow\" href=\"mailto:cc@eclat-animalier.fr\">\n\t\t\t\t\t\t<span class=\"elementor-button-content-wrapper\">\n\t\t\t\t\t\t\t\t\t<span class=\"elementor-button-text\">Si vous souhaitez me contacter par mail c'est ici<\/span>\n\t\t\t\t\t<\/span>\n\t\t\t\t\t<\/a>\n\t\t\t\t<\/div>\n\t\t\t\t\t\t\t\t<\/div>\n\t\t\t\t<\/div>\n\t\t\t\t\t<\/div>\n\t\t\t\t<\/div>\n\t\t<div class=\"elementor-element elementor-element-d2e69f7 e-flex e-con-boxed e-con e-parent\" data-id=\"d2e69f7\" data-element_type=\"container\" data-e-type=\"container\">\n\t\t\t\t\t<div class=\"e-con-inner\">\n\t\t\t\t<div class=\"elementor-element elementor-element-b5844c4 elementor-button-info elementor-align-center elementor-invisible elementor-widget elementor-widget-button\" data-id=\"b5844c4\" data-element_type=\"widget\" data-e-type=\"widget\" data-settings=\"{&quot;_animation&quot;:&quot;fadeInUp&quot;}\" data-widget_type=\"button.default\">\n\t\t\t\t<div class=\"elementor-widget-container\">\n\t\t\t\t\t\t\t\t\t<div class=\"elementor-button-wrapper\">\n\t\t\t\t\t<a class=\"elementor-button elementor-button-link elementor-size-sm elementor-animation-grow\" href=\"https:\/\/www.etsy.com\/shop\/Eclatanimalier\">\n\t\t\t\t\t\t<span class=\"elementor-button-content-wrapper\">\n\t\t\t\t\t\t\t\t\t<span class=\"elementor-button-text\">Si vous souhaitez acheter l'une de mes productions, cliquez ici <\/span>\n\t\t\t\t\t<\/span>\n\t\t\t\t\t<\/a>\n\t\t\t\t<\/div>\n\t\t\t\t\t\t\t\t<\/div>\n\t\t\t\t<\/div>\n\t\t\t\t\t<\/div>\n\t\t\t\t<\/div>\n\t\t\t\t<\/div>\n\t\t","protected":false},"excerpt":{"rendered":"<p>Lion r\u00e9alis\u00e9 au pastel et crayon pierre noire Papier noir 160g \/ m\u00b2 Format 50 X 65 cm Tigre r\u00e9alis\u00e9 \u00e0 la craie carr\u00e9e blanche (pastel) Papier noir 160g\/m\u00b2 Format 32,5 X 50 cm Panth\u00e8re noire dans la neige R\u00e9alis\u00e9e \u00e0 l&rsquo;aide de pastels et d&rsquo;un crayon pierre noire Papier noir 160 g\/m\u00b2 Format 50 [&hellip;]<\/p>\n","protected":false},"author":1,"featured_media":0,"parent":0,"menu_order":0,"comment_status":"closed","ping_status":"closed","template":"elementor_header_footer","meta":{"footnotes":""},"class_list":["post-95","page","type-page","status-publish","hentry","entry"],"yoast_head":"<!-- This site is optimized with the Yoast SEO plugin v27.3 - https:\/\/yoast.com\/product\/yoast-seo-wordpress\/ -->\n<title>Dessin animalier<\/title>\n<meta name=\"description\" content=\"D\u00e9couvrez des \u0153uvres uniques de portraits animaliers faits main: des dessins, des esquisses au fusain, aux feutres polychromes, au pastel...\" \/>\n<meta name=\"robots\" content=\"index, follow, max-snippet:-1, max-image-preview:large, max-video-preview:-1\" \/>\n<link rel=\"canonical\" href=\"https:\/\/eclat-animalier.fr\/index.php\/portrait-animal-animalier-dessin-esquisse-fusain-sanguine-feutres-crayon-de-papier-crayon-pierre-noire-art-fait-main-oeuvre-unique-felin-lion-tigre-commande-eclat-animalier-eclat-ani\/\" \/>\n<meta property=\"og:locale\" content=\"fr_FR\" \/>\n<meta property=\"og:type\" content=\"article\" \/>\n<meta property=\"og:title\" content=\"Dessin animalier\" \/>\n<meta property=\"og:description\" content=\"D\u00e9couvrez des \u0153uvres uniques de portraits animaliers faits main: des dessins, des esquisses au fusain, aux feutres polychromes, au pastel...\" \/>\n<meta property=\"og:url\" content=\"https:\/\/eclat-animalier.fr\/index.php\/portrait-animal-animalier-dessin-esquisse-fusain-sanguine-feutres-crayon-de-papier-crayon-pierre-noire-art-fait-main-oeuvre-unique-felin-lion-tigre-commande-eclat-animalier-eclat-ani\/\" \/>\n<meta property=\"og:site_name\" content=\"ECLAT ANIMALIER\" \/>\n<meta property=\"article:modified_time\" content=\"2025-02-20T20:46:14+00:00\" \/>\n<meta property=\"og:image\" content=\"https:\/\/eclat-animalier.fr\/wp-content\/uploads\/2024\/10\/lion-fini2-1024x800.jpg\" \/>\n<meta name=\"twitter:card\" content=\"summary_large_image\" \/>\n<meta name=\"twitter:label1\" content=\"Dur\u00e9e de lecture estim\u00e9e\" \/>\n\t<meta name=\"twitter:data1\" content=\"1 minute\" \/>\n<script type=\"application\/ld+json\" class=\"yoast-schema-graph\">{\"@context\":\"https:\\\/\\\/schema.org\",\"@graph\":[{\"@type\":\"WebPage\",\"@id\":\"https:\\\/\\\/eclat-animalier.fr\\\/index.php\\\/portrait-animal-animalier-dessin-esquisse-fusain-sanguine-feutres-crayon-de-papier-crayon-pierre-noire-art-fait-main-oeuvre-unique-felin-lion-tigre-commande-eclat-animalier-eclat-ani\\\/\",\"url\":\"https:\\\/\\\/eclat-animalier.fr\\\/index.php\\\/portrait-animal-animalier-dessin-esquisse-fusain-sanguine-feutres-crayon-de-papier-crayon-pierre-noire-art-fait-main-oeuvre-unique-felin-lion-tigre-commande-eclat-animalier-eclat-ani\\\/\",\"name\":\"Dessin animalier\",\"isPartOf\":{\"@id\":\"https:\\\/\\\/eclat-animalier.fr\\\/#website\"},\"primaryImageOfPage\":{\"@id\":\"https:\\\/\\\/eclat-animalier.fr\\\/index.php\\\/portrait-animal-animalier-dessin-esquisse-fusain-sanguine-feutres-crayon-de-papier-crayon-pierre-noire-art-fait-main-oeuvre-unique-felin-lion-tigre-commande-eclat-animalier-eclat-ani\\\/#primaryimage\"},\"image\":{\"@id\":\"https:\\\/\\\/eclat-animalier.fr\\\/index.php\\\/portrait-animal-animalier-dessin-esquisse-fusain-sanguine-feutres-crayon-de-papier-crayon-pierre-noire-art-fait-main-oeuvre-unique-felin-lion-tigre-commande-eclat-animalier-eclat-ani\\\/#primaryimage\"},\"thumbnailUrl\":\"https:\\\/\\\/eclat-animalier.fr\\\/wp-content\\\/uploads\\\/2024\\\/10\\\/lion-fini2-1024x800.jpg\",\"datePublished\":\"2024-10-31T18:27:44+00:00\",\"dateModified\":\"2025-02-20T20:46:14+00:00\",\"description\":\"D\u00e9couvrez des \u0153uvres uniques de portraits animaliers faits main: des dessins, des esquisses au fusain, aux feutres polychromes, au pastel...\",\"breadcrumb\":{\"@id\":\"https:\\\/\\\/eclat-animalier.fr\\\/index.php\\\/portrait-animal-animalier-dessin-esquisse-fusain-sanguine-feutres-crayon-de-papier-crayon-pierre-noire-art-fait-main-oeuvre-unique-felin-lion-tigre-commande-eclat-animalier-eclat-ani\\\/#breadcrumb\"},\"inLanguage\":\"fr-FR\",\"potentialAction\":[{\"@type\":\"ReadAction\",\"target\":[\"https:\\\/\\\/eclat-animalier.fr\\\/index.php\\\/portrait-animal-animalier-dessin-esquisse-fusain-sanguine-feutres-crayon-de-papier-crayon-pierre-noire-art-fait-main-oeuvre-unique-felin-lion-tigre-commande-eclat-animalier-eclat-ani\\\/\"]}]},{\"@type\":\"ImageObject\",\"inLanguage\":\"fr-FR\",\"@id\":\"https:\\\/\\\/eclat-animalier.fr\\\/index.php\\\/portrait-animal-animalier-dessin-esquisse-fusain-sanguine-feutres-crayon-de-papier-crayon-pierre-noire-art-fait-main-oeuvre-unique-felin-lion-tigre-commande-eclat-animalier-eclat-ani\\\/#primaryimage\",\"url\":\"https:\\\/\\\/eclat-animalier.fr\\\/wp-content\\\/uploads\\\/2024\\\/10\\\/lion-fini2-rotated.jpg\",\"contentUrl\":\"https:\\\/\\\/eclat-animalier.fr\\\/wp-content\\\/uploads\\\/2024\\\/10\\\/lion-fini2-rotated.jpg\",\"width\":1752,\"height\":1368},{\"@type\":\"BreadcrumbList\",\"@id\":\"https:\\\/\\\/eclat-animalier.fr\\\/index.php\\\/portrait-animal-animalier-dessin-esquisse-fusain-sanguine-feutres-crayon-de-papier-crayon-pierre-noire-art-fait-main-oeuvre-unique-felin-lion-tigre-commande-eclat-animalier-eclat-ani\\\/#breadcrumb\",\"itemListElement\":[{\"@type\":\"ListItem\",\"position\":1,\"name\":\"Accueil\",\"item\":\"https:\\\/\\\/eclat-animalier.fr\\\/\"},{\"@type\":\"ListItem\",\"position\":2,\"name\":\"F\u00e9lins\"}]},{\"@type\":\"WebSite\",\"@id\":\"https:\\\/\\\/eclat-animalier.fr\\\/#website\",\"url\":\"https:\\\/\\\/eclat-animalier.fr\\\/\",\"name\":\"ECLAT ANIMALIER\",\"description\":\"D\u00e9couvrez des \u0153uvres uniques de portraits animaliers faits main\",\"potentialAction\":[{\"@type\":\"SearchAction\",\"target\":{\"@type\":\"EntryPoint\",\"urlTemplate\":\"https:\\\/\\\/eclat-animalier.fr\\\/?s={search_term_string}\"},\"query-input\":{\"@type\":\"PropertyValueSpecification\",\"valueRequired\":true,\"valueName\":\"search_term_string\"}}],\"inLanguage\":\"fr-FR\"}]}<\/script>\n<!-- \/ Yoast SEO plugin. -->","yoast_head_json":{"title":"Dessin animalier","description":"D\u00e9couvrez des \u0153uvres uniques de portraits animaliers faits main: des dessins, des esquisses au fusain, aux feutres polychromes, au pastel...","robots":{"index":"index","follow":"follow","max-snippet":"max-snippet:-1","max-image-preview":"max-image-preview:large","max-video-preview":"max-video-preview:-1"},"canonical":"https:\/\/eclat-animalier.fr\/index.php\/portrait-animal-animalier-dessin-esquisse-fusain-sanguine-feutres-crayon-de-papier-crayon-pierre-noire-art-fait-main-oeuvre-unique-felin-lion-tigre-commande-eclat-animalier-eclat-ani\/","og_locale":"fr_FR","og_type":"article","og_title":"Dessin animalier","og_description":"D\u00e9couvrez des \u0153uvres uniques de portraits animaliers faits main: des dessins, des esquisses au fusain, aux feutres polychromes, au pastel...","og_url":"https:\/\/eclat-animalier.fr\/index.php\/portrait-animal-animalier-dessin-esquisse-fusain-sanguine-feutres-crayon-de-papier-crayon-pierre-noire-art-fait-main-oeuvre-unique-felin-lion-tigre-commande-eclat-animalier-eclat-ani\/","og_site_name":"ECLAT ANIMALIER","article_modified_time":"2025-02-20T20:46:14+00:00","og_image":[{"url":"https:\/\/eclat-animalier.fr\/wp-content\/uploads\/2024\/10\/lion-fini2-1024x800.jpg","type":"","width":"","height":""}],"twitter_card":"summary_large_image","twitter_misc":{"Dur\u00e9e de lecture estim\u00e9e":"1 minute"},"schema":{"@context":"https:\/\/schema.org","@graph":[{"@type":"WebPage","@id":"https:\/\/eclat-animalier.fr\/index.php\/portrait-animal-animalier-dessin-esquisse-fusain-sanguine-feutres-crayon-de-papier-crayon-pierre-noire-art-fait-main-oeuvre-unique-felin-lion-tigre-commande-eclat-animalier-eclat-ani\/","url":"https:\/\/eclat-animalier.fr\/index.php\/portrait-animal-animalier-dessin-esquisse-fusain-sanguine-feutres-crayon-de-papier-crayon-pierre-noire-art-fait-main-oeuvre-unique-felin-lion-tigre-commande-eclat-animalier-eclat-ani\/","name":"Dessin animalier","isPartOf":{"@id":"https:\/\/eclat-animalier.fr\/#website"},"primaryImageOfPage":{"@id":"https:\/\/eclat-animalier.fr\/index.php\/portrait-animal-animalier-dessin-esquisse-fusain-sanguine-feutres-crayon-de-papier-crayon-pierre-noire-art-fait-main-oeuvre-unique-felin-lion-tigre-commande-eclat-animalier-eclat-ani\/#primaryimage"},"image":{"@id":"https:\/\/eclat-animalier.fr\/index.php\/portrait-animal-animalier-dessin-esquisse-fusain-sanguine-feutres-crayon-de-papier-crayon-pierre-noire-art-fait-main-oeuvre-unique-felin-lion-tigre-commande-eclat-animalier-eclat-ani\/#primaryimage"},"thumbnailUrl":"https:\/\/eclat-animalier.fr\/wp-content\/uploads\/2024\/10\/lion-fini2-1024x800.jpg","datePublished":"2024-10-31T18:27:44+00:00","dateModified":"2025-02-20T20:46:14+00:00","description":"D\u00e9couvrez des \u0153uvres uniques de portraits animaliers faits main: des dessins, des esquisses au fusain, aux feutres polychromes, au pastel...","breadcrumb":{"@id":"https:\/\/eclat-animalier.fr\/index.php\/portrait-animal-animalier-dessin-esquisse-fusain-sanguine-feutres-crayon-de-papier-crayon-pierre-noire-art-fait-main-oeuvre-unique-felin-lion-tigre-commande-eclat-animalier-eclat-ani\/#breadcrumb"},"inLanguage":"fr-FR","potentialAction":[{"@type":"ReadAction","target":["https:\/\/eclat-animalier.fr\/index.php\/portrait-animal-animalier-dessin-esquisse-fusain-sanguine-feutres-crayon-de-papier-crayon-pierre-noire-art-fait-main-oeuvre-unique-felin-lion-tigre-commande-eclat-animalier-eclat-ani\/"]}]},{"@type":"ImageObject","inLanguage":"fr-FR","@id":"https:\/\/eclat-animalier.fr\/index.php\/portrait-animal-animalier-dessin-esquisse-fusain-sanguine-feutres-crayon-de-papier-crayon-pierre-noire-art-fait-main-oeuvre-unique-felin-lion-tigre-commande-eclat-animalier-eclat-ani\/#primaryimage","url":"https:\/\/eclat-animalier.fr\/wp-content\/uploads\/2024\/10\/lion-fini2-rotated.jpg","contentUrl":"https:\/\/eclat-animalier.fr\/wp-content\/uploads\/2024\/10\/lion-fini2-rotated.jpg","width":1752,"height":1368},{"@type":"BreadcrumbList","@id":"https:\/\/eclat-animalier.fr\/index.php\/portrait-animal-animalier-dessin-esquisse-fusain-sanguine-feutres-crayon-de-papier-crayon-pierre-noire-art-fait-main-oeuvre-unique-felin-lion-tigre-commande-eclat-animalier-eclat-ani\/#breadcrumb","itemListElement":[{"@type":"ListItem","position":1,"name":"Accueil","item":"https:\/\/eclat-animalier.fr\/"},{"@type":"ListItem","position":2,"name":"F\u00e9lins"}]},{"@type":"WebSite","@id":"https:\/\/eclat-animalier.fr\/#website","url":"https:\/\/eclat-animalier.fr\/","name":"ECLAT ANIMALIER","description":"D\u00e9couvrez des \u0153uvres uniques de portraits animaliers faits main","potentialAction":[{"@type":"SearchAction","target":{"@type":"EntryPoint","urlTemplate":"https:\/\/eclat-animalier.fr\/?s={search_term_string}"},"query-input":{"@type":"PropertyValueSpecification","valueRequired":true,"valueName":"search_term_string"}}],"inLanguage":"fr-FR"}]}},"_links":{"self":[{"href":"https:\/\/eclat-animalier.fr\/index.php\/wp-json\/wp\/v2\/pages\/95","targetHints":{"allow":["GET"]}}],"collection":[{"href":"https:\/\/eclat-animalier.fr\/index.php\/wp-json\/wp\/v2\/pages"}],"about":[{"href":"https:\/\/eclat-animalier.fr\/index.php\/wp-json\/wp\/v2\/types\/page"}],"author":[{"embeddable":true,"href":"https:\/\/eclat-animalier.fr\/index.php\/wp-json\/wp\/v2\/users\/1"}],"replies":[{"embeddable":true,"href":"https:\/\/eclat-animalier.fr\/index.php\/wp-json\/wp\/v2\/comments?post=95"}],"version-history":[{"count":41,"href":"https:\/\/eclat-animalier.fr\/index.php\/wp-json\/wp\/v2\/pages\/95\/revisions"}],"predecessor-version":[{"id":541,"href":"https:\/\/eclat-animalier.fr\/index.php\/wp-json\/wp\/v2\/pages\/95\/revisions\/541"}],"wp:attachment":[{"href":"https:\/\/eclat-animalier.fr\/index.php\/wp-json\/wp\/v2\/media?parent=95"}],"curies":[{"name":"wp","href":"https:\/\/api.w.org\/{rel}","templated":true}]}}