{"id":433,"date":"2024-11-23T15:12:24","date_gmt":"2024-11-23T14:12:24","guid":{"rendered":"https:\/\/eclat-animalier.fr\/?page_id=433"},"modified":"2025-02-20T21:49:52","modified_gmt":"2025-02-20T20:49:52","slug":"pommes-stylisees-fruits","status":"publish","type":"page","link":"https:\/\/eclat-animalier.fr\/index.php\/pommes-stylisees-fruits\/","title":{"rendered":"Fruits"},"content":{"rendered":"\t\t<div data-elementor-type=\"wp-page\" data-elementor-id=\"433\" class=\"elementor elementor-433\">\n\t\t\t\t<div class=\"elementor-element elementor-element-96339c2 e-flex e-con-boxed e-con e-parent\" data-id=\"96339c2\" data-element_type=\"container\" data-e-type=\"container\">\n\t\t\t\t\t<div class=\"e-con-inner\">\n\t\t\t\t<div class=\"elementor-element elementor-element-0a4b684 elementor-widget elementor-widget-image\" data-id=\"0a4b684\" data-element_type=\"widget\" data-e-type=\"widget\" data-widget_type=\"image.default\">\n\t\t\t\t<div class=\"elementor-widget-container\">\n\t\t\t\t\t\t\t\t\t\t\t\t\t\t\t<img fetchpriority=\"high\" decoding=\"async\" width=\"779\" height=\"1024\" src=\"https:\/\/eclat-animalier.fr\/wp-content\/uploads\/2024\/11\/IMG_5137-1-779x1024.jpg\" class=\"attachment-large size-large wp-image-444\" alt=\"\" srcset=\"https:\/\/eclat-animalier.fr\/wp-content\/uploads\/2024\/11\/IMG_5137-1-779x1024.jpg 779w, https:\/\/eclat-animalier.fr\/wp-content\/uploads\/2024\/11\/IMG_5137-1-228x300.jpg 228w, https:\/\/eclat-animalier.fr\/wp-content\/uploads\/2024\/11\/IMG_5137-1-768x1009.jpg 768w, https:\/\/eclat-animalier.fr\/wp-content\/uploads\/2024\/11\/IMG_5137-1-1169x1536.jpg 1169w, https:\/\/eclat-animalier.fr\/wp-content\/uploads\/2024\/11\/IMG_5137-1.jpg 1494w\" sizes=\"(max-width: 779px) 100vw, 779px\" \/>\t\t\t\t\t\t\t\t\t\t\t\t\t\t\t<\/div>\n\t\t\t\t<\/div>\n\t\t\t\t\t<\/div>\n\t\t\t\t<\/div>\n\t\t<div class=\"elementor-element elementor-element-74d4713 e-flex e-con-boxed e-con e-parent\" data-id=\"74d4713\" data-element_type=\"container\" data-e-type=\"container\">\n\t\t\t\t\t<div class=\"e-con-inner\">\n\t\t\t\t<div class=\"elementor-element elementor-element-301915b elementor-widget elementor-widget-text-editor\" data-id=\"301915b\" data-element_type=\"widget\" data-e-type=\"widget\" data-widget_type=\"text-editor.default\">\n\t\t\t\t<div class=\"elementor-widget-container\">\n\t\t\t\t\t\t\t\t\t<p>Pommes au fusain<\/p>\t\t\t\t\t\t\t\t<\/div>\n\t\t\t\t<\/div>\n\t\t\t\t\t<\/div>\n\t\t\t\t<\/div>\n\t\t<div class=\"elementor-element elementor-element-11f5f1f e-flex e-con-boxed e-con e-parent\" data-id=\"11f5f1f\" data-element_type=\"container\" data-e-type=\"container\">\n\t\t\t\t\t<div class=\"e-con-inner\">\n\t\t\t\t<div class=\"elementor-element elementor-element-a4a3cea elementor-widget elementor-widget-image\" data-id=\"a4a3cea\" data-element_type=\"widget\" data-e-type=\"widget\" data-widget_type=\"image.default\">\n\t\t\t\t<div class=\"elementor-widget-container\">\n\t\t\t\t\t\t\t\t\t\t\t\t\t\t\t<img decoding=\"async\" width=\"1024\" height=\"743\" src=\"https:\/\/eclat-animalier.fr\/wp-content\/uploads\/2024\/11\/IMG_5136-1-1024x743.jpg\" class=\"attachment-large size-large wp-image-443\" alt=\"\" srcset=\"https:\/\/eclat-animalier.fr\/wp-content\/uploads\/2024\/11\/IMG_5136-1-1024x743.jpg 1024w, https:\/\/eclat-animalier.fr\/wp-content\/uploads\/2024\/11\/IMG_5136-1-300x218.jpg 300w, https:\/\/eclat-animalier.fr\/wp-content\/uploads\/2024\/11\/IMG_5136-1-768x557.jpg 768w, https:\/\/eclat-animalier.fr\/wp-content\/uploads\/2024\/11\/IMG_5136-1-1536x1114.jpg 1536w, https:\/\/eclat-animalier.fr\/wp-content\/uploads\/2024\/11\/IMG_5136-1.jpg 1949w\" sizes=\"(max-width: 1024px) 100vw, 1024px\" \/>\t\t\t\t\t\t\t\t\t\t\t\t\t\t\t<\/div>\n\t\t\t\t<\/div>\n\t\t\t\t\t<\/div>\n\t\t\t\t<\/div>\n\t\t<div class=\"elementor-element elementor-element-f57edb8 e-flex e-con-boxed e-con e-parent\" data-id=\"f57edb8\" data-element_type=\"container\" data-e-type=\"container\">\n\t\t\t\t\t<div class=\"e-con-inner\">\n\t\t\t\t<div class=\"elementor-element elementor-element-8658537 elementor-widget elementor-widget-text-editor\" data-id=\"8658537\" data-element_type=\"widget\" data-e-type=\"widget\" data-widget_type=\"text-editor.default\">\n\t\t\t\t<div class=\"elementor-widget-container\">\n\t\t\t\t\t\t\t\t\t<p>Pommes au crayon pierre noire<\/p>\t\t\t\t\t\t\t\t<\/div>\n\t\t\t\t<\/div>\n\t\t\t\t\t<\/div>\n\t\t\t\t<\/div>\n\t\t<div class=\"elementor-element elementor-element-b1ac930 e-flex e-con-boxed e-con e-parent\" data-id=\"b1ac930\" data-element_type=\"container\" data-e-type=\"container\">\n\t\t\t\t\t<div class=\"e-con-inner\">\n\t\t\t\t<div class=\"elementor-element elementor-element-5ee8c5b elementor-widget elementor-widget-image\" data-id=\"5ee8c5b\" data-element_type=\"widget\" data-e-type=\"widget\" data-widget_type=\"image.default\">\n\t\t\t\t<div class=\"elementor-widget-container\">\n\t\t\t\t\t\t\t\t\t\t\t\t\t\t\t<img decoding=\"async\" width=\"831\" height=\"1024\" src=\"https:\/\/eclat-animalier.fr\/wp-content\/uploads\/2024\/11\/IMG_5135-1-831x1024.jpg\" class=\"attachment-large size-large wp-image-442\" alt=\"\" srcset=\"https:\/\/eclat-animalier.fr\/wp-content\/uploads\/2024\/11\/IMG_5135-1-831x1024.jpg 831w, https:\/\/eclat-animalier.fr\/wp-content\/uploads\/2024\/11\/IMG_5135-1-243x300.jpg 243w, https:\/\/eclat-animalier.fr\/wp-content\/uploads\/2024\/11\/IMG_5135-1-768x947.jpg 768w, https:\/\/eclat-animalier.fr\/wp-content\/uploads\/2024\/11\/IMG_5135-1-1246x1536.jpg 1246w, https:\/\/eclat-animalier.fr\/wp-content\/uploads\/2024\/11\/IMG_5135-1.jpg 1500w\" sizes=\"(max-width: 831px) 100vw, 831px\" \/>\t\t\t\t\t\t\t\t\t\t\t\t\t\t\t<\/div>\n\t\t\t\t<\/div>\n\t\t\t\t\t<\/div>\n\t\t\t\t<\/div>\n\t\t<div class=\"elementor-element elementor-element-5fede88 e-flex e-con-boxed e-con e-parent\" data-id=\"5fede88\" data-element_type=\"container\" data-e-type=\"container\">\n\t\t\t\t\t<div class=\"e-con-inner\">\n\t\t\t\t<div class=\"elementor-element elementor-element-35d4080 elementor-widget elementor-widget-text-editor\" data-id=\"35d4080\" data-element_type=\"widget\" data-e-type=\"widget\" data-widget_type=\"text-editor.default\">\n\t\t\t\t<div class=\"elementor-widget-container\">\n\t\t\t\t\t\t\t\t\t<p>Pomme \u00e0 la craie carr\u00e9e sanguine<\/p>\t\t\t\t\t\t\t\t<\/div>\n\t\t\t\t<\/div>\n\t\t\t\t\t<\/div>\n\t\t\t\t<\/div>\n\t\t<div class=\"elementor-element elementor-element-694d5ce e-flex e-con-boxed e-con e-parent\" data-id=\"694d5ce\" data-element_type=\"container\" data-e-type=\"container\">\n\t\t\t\t\t<div class=\"e-con-inner\">\n\t\t\t\t<div class=\"elementor-element elementor-element-db3c6a1 elementor-widget elementor-widget-image\" data-id=\"db3c6a1\" data-element_type=\"widget\" data-e-type=\"widget\" data-widget_type=\"image.default\">\n\t\t\t\t<div class=\"elementor-widget-container\">\n\t\t\t\t\t\t\t\t\t\t\t\t\t\t\t<img loading=\"lazy\" decoding=\"async\" width=\"780\" height=\"1024\" src=\"https:\/\/eclat-animalier.fr\/wp-content\/uploads\/2024\/11\/IMG_5138-1-780x1024.jpg\" class=\"attachment-large size-large wp-image-445\" alt=\"\" srcset=\"https:\/\/eclat-animalier.fr\/wp-content\/uploads\/2024\/11\/IMG_5138-1-780x1024.jpg 780w, https:\/\/eclat-animalier.fr\/wp-content\/uploads\/2024\/11\/IMG_5138-1-229x300.jpg 229w, https:\/\/eclat-animalier.fr\/wp-content\/uploads\/2024\/11\/IMG_5138-1-768x1008.jpg 768w, https:\/\/eclat-animalier.fr\/wp-content\/uploads\/2024\/11\/IMG_5138-1-1170x1536.jpg 1170w, https:\/\/eclat-animalier.fr\/wp-content\/uploads\/2024\/11\/IMG_5138-1.jpg 1512w\" sizes=\"(max-width: 780px) 100vw, 780px\" \/>\t\t\t\t\t\t\t\t\t\t\t\t\t\t\t<\/div>\n\t\t\t\t<\/div>\n\t\t\t\t<div class=\"elementor-element elementor-element-a00836e elementor-widget elementor-widget-text-editor\" data-id=\"a00836e\" data-element_type=\"widget\" data-e-type=\"widget\" data-widget_type=\"text-editor.default\">\n\t\t\t\t<div class=\"elementor-widget-container\">\n\t\t\t\t\t\t\t\t\t<p>Pomme au marqueur noir permanent<\/p>\t\t\t\t\t\t\t\t<\/div>\n\t\t\t\t<\/div>\n\t\t\t\t\t<\/div>\n\t\t\t\t<\/div>\n\t\t<div class=\"elementor-element elementor-element-35da056 e-flex e-con-boxed e-con e-parent\" data-id=\"35da056\" data-element_type=\"container\" data-e-type=\"container\">\n\t\t\t\t\t<div class=\"e-con-inner\">\n\t\t\t\t<div class=\"elementor-element elementor-element-f78e94e elementor-widget elementor-widget-image\" data-id=\"f78e94e\" data-element_type=\"widget\" data-e-type=\"widget\" data-widget_type=\"image.default\">\n\t\t\t\t<div class=\"elementor-widget-container\">\n\t\t\t\t\t\t\t\t\t\t\t\t\t\t\t<img loading=\"lazy\" decoding=\"async\" width=\"1024\" height=\"782\" src=\"https:\/\/eclat-animalier.fr\/wp-content\/uploads\/2024\/11\/IMG_5139-1-1024x782.jpg\" class=\"attachment-large size-large wp-image-446\" alt=\"\" srcset=\"https:\/\/eclat-animalier.fr\/wp-content\/uploads\/2024\/11\/IMG_5139-1-1024x782.jpg 1024w, https:\/\/eclat-animalier.fr\/wp-content\/uploads\/2024\/11\/IMG_5139-1-300x229.jpg 300w, https:\/\/eclat-animalier.fr\/wp-content\/uploads\/2024\/11\/IMG_5139-1-768x587.jpg 768w, https:\/\/eclat-animalier.fr\/wp-content\/uploads\/2024\/11\/IMG_5139-1-1536x1174.jpg 1536w, https:\/\/eclat-animalier.fr\/wp-content\/uploads\/2024\/11\/IMG_5139-1.jpg 1979w\" sizes=\"(max-width: 1024px) 100vw, 1024px\" \/>\t\t\t\t\t\t\t\t\t\t\t\t\t\t\t<\/div>\n\t\t\t\t<\/div>\n\t\t\t\t\t<\/div>\n\t\t\t\t<\/div>\n\t\t<div class=\"elementor-element elementor-element-9e7d65c e-flex e-con-boxed e-con e-parent\" data-id=\"9e7d65c\" data-element_type=\"container\" data-e-type=\"container\">\n\t\t\t\t\t<div class=\"e-con-inner\">\n\t\t\t\t<div class=\"elementor-element elementor-element-0262bc6 elementor-widget elementor-widget-text-editor\" data-id=\"0262bc6\" data-element_type=\"widget\" data-e-type=\"widget\" data-widget_type=\"text-editor.default\">\n\t\t\t\t<div class=\"elementor-widget-container\">\n\t\t\t\t\t\t\t\t\t<p>Pommes \u00e0 la craie carr\u00e9e sanguine<\/p>\t\t\t\t\t\t\t\t<\/div>\n\t\t\t\t<\/div>\n\t\t\t\t<div class=\"elementor-element elementor-element-ea94473 elementor-widget elementor-widget-image\" data-id=\"ea94473\" data-element_type=\"widget\" data-e-type=\"widget\" data-widget_type=\"image.default\">\n\t\t\t\t<div class=\"elementor-widget-container\">\n\t\t\t\t\t\t\t\t\t\t\t\t\t\t\t<img loading=\"lazy\" decoding=\"async\" width=\"1024\" height=\"757\" src=\"https:\/\/eclat-animalier.fr\/wp-content\/uploads\/2024\/11\/IMG_5140-1-1024x757.jpg\" class=\"attachment-large size-large wp-image-447\" alt=\"\" srcset=\"https:\/\/eclat-animalier.fr\/wp-content\/uploads\/2024\/11\/IMG_5140-1-1024x757.jpg 1024w, https:\/\/eclat-animalier.fr\/wp-content\/uploads\/2024\/11\/IMG_5140-1-300x222.jpg 300w, https:\/\/eclat-animalier.fr\/wp-content\/uploads\/2024\/11\/IMG_5140-1-768x568.jpg 768w, https:\/\/eclat-animalier.fr\/wp-content\/uploads\/2024\/11\/IMG_5140-1-1536x1136.jpg 1536w, https:\/\/eclat-animalier.fr\/wp-content\/uploads\/2024\/11\/IMG_5140-1.jpg 2016w\" sizes=\"(max-width: 1024px) 100vw, 1024px\" \/>\t\t\t\t\t\t\t\t\t\t\t\t\t\t\t<\/div>\n\t\t\t\t<\/div>\n\t\t\t\t\t<\/div>\n\t\t\t\t<\/div>\n\t\t<div class=\"elementor-element elementor-element-b98e571 e-flex e-con-boxed e-con e-parent\" data-id=\"b98e571\" data-element_type=\"container\" data-e-type=\"container\">\n\t\t\t\t\t<div class=\"e-con-inner\">\n\t\t\t\t<div class=\"elementor-element elementor-element-e1012db elementor-widget elementor-widget-text-editor\" data-id=\"e1012db\" data-element_type=\"widget\" data-e-type=\"widget\" data-widget_type=\"text-editor.default\">\n\t\t\t\t<div class=\"elementor-widget-container\">\n\t\t\t\t\t\t\t\t\t<p>Pomme au crayon de papier HB<\/p>\t\t\t\t\t\t\t\t<\/div>\n\t\t\t\t<\/div>\n\t\t\t\t\t<\/div>\n\t\t\t\t<\/div>\n\t\t\t\t<\/div>\n\t\t","protected":false},"excerpt":{"rendered":"<p>Pommes au fusain Pommes au crayon pierre noire Pomme \u00e0 la craie carr\u00e9e sanguine Pomme au marqueur noir permanent Pommes \u00e0 la craie carr\u00e9e sanguine Pomme au crayon de papier HB<\/p>\n","protected":false},"author":1,"featured_media":0,"parent":0,"menu_order":0,"comment_status":"closed","ping_status":"closed","template":"","meta":{"footnotes":""},"class_list":["post-433","page","type-page","status-publish","hentry","entry"],"yoast_head":"<!-- This site is optimized with the Yoast SEO plugin v27.3 - https:\/\/yoast.com\/product\/yoast-seo-wordpress\/ -->\n<title>Dessin fruits<\/title>\n<meta name=\"description\" content=\"D\u00e9couvrez des \u0153uvres uniques de portraits animaliers faits main: des dessins, des esquisses au fusain, aux feutres polychromes, au pastel...\" \/>\n<meta name=\"robots\" content=\"index, follow, max-snippet:-1, max-image-preview:large, max-video-preview:-1\" \/>\n<link rel=\"canonical\" href=\"https:\/\/eclat-animalier.fr\/index.php\/pommes-stylisees-fruits\/\" \/>\n<meta property=\"og:locale\" content=\"fr_FR\" \/>\n<meta property=\"og:type\" content=\"article\" \/>\n<meta property=\"og:title\" content=\"Dessin fruits\" \/>\n<meta property=\"og:description\" content=\"D\u00e9couvrez des \u0153uvres uniques de portraits animaliers faits main: des dessins, des esquisses au fusain, aux feutres polychromes, au pastel...\" \/>\n<meta property=\"og:url\" content=\"https:\/\/eclat-animalier.fr\/index.php\/pommes-stylisees-fruits\/\" \/>\n<meta property=\"og:site_name\" content=\"ECLAT ANIMALIER\" \/>\n<meta property=\"article:modified_time\" content=\"2025-02-20T20:49:52+00:00\" \/>\n<meta property=\"og:image\" content=\"https:\/\/eclat-animalier.fr\/wp-content\/uploads\/2024\/11\/IMG_5137-1-779x1024.jpg\" \/>\n<meta name=\"twitter:card\" content=\"summary_large_image\" \/>\n<meta name=\"twitter:label1\" content=\"Dur\u00e9e de lecture estim\u00e9e\" \/>\n\t<meta name=\"twitter:data1\" content=\"2 minutes\" \/>\n<script type=\"application\/ld+json\" class=\"yoast-schema-graph\">{\"@context\":\"https:\\\/\\\/schema.org\",\"@graph\":[{\"@type\":\"WebPage\",\"@id\":\"https:\\\/\\\/eclat-animalier.fr\\\/index.php\\\/pommes-stylisees-fruits\\\/\",\"url\":\"https:\\\/\\\/eclat-animalier.fr\\\/index.php\\\/pommes-stylisees-fruits\\\/\",\"name\":\"Dessin fruits\",\"isPartOf\":{\"@id\":\"https:\\\/\\\/eclat-animalier.fr\\\/#website\"},\"primaryImageOfPage\":{\"@id\":\"https:\\\/\\\/eclat-animalier.fr\\\/index.php\\\/pommes-stylisees-fruits\\\/#primaryimage\"},\"image\":{\"@id\":\"https:\\\/\\\/eclat-animalier.fr\\\/index.php\\\/pommes-stylisees-fruits\\\/#primaryimage\"},\"thumbnailUrl\":\"https:\\\/\\\/eclat-animalier.fr\\\/wp-content\\\/uploads\\\/2024\\\/11\\\/IMG_5137-1-779x1024.jpg\",\"datePublished\":\"2024-11-23T14:12:24+00:00\",\"dateModified\":\"2025-02-20T20:49:52+00:00\",\"description\":\"D\u00e9couvrez des \u0153uvres uniques de portraits animaliers faits main: des dessins, des esquisses au fusain, aux feutres polychromes, au pastel...\",\"breadcrumb\":{\"@id\":\"https:\\\/\\\/eclat-animalier.fr\\\/index.php\\\/pommes-stylisees-fruits\\\/#breadcrumb\"},\"inLanguage\":\"fr-FR\",\"potentialAction\":[{\"@type\":\"ReadAction\",\"target\":[\"https:\\\/\\\/eclat-animalier.fr\\\/index.php\\\/pommes-stylisees-fruits\\\/\"]}]},{\"@type\":\"ImageObject\",\"inLanguage\":\"fr-FR\",\"@id\":\"https:\\\/\\\/eclat-animalier.fr\\\/index.php\\\/pommes-stylisees-fruits\\\/#primaryimage\",\"url\":\"https:\\\/\\\/eclat-animalier.fr\\\/wp-content\\\/uploads\\\/2024\\\/11\\\/IMG_5137-1.jpg\",\"contentUrl\":\"https:\\\/\\\/eclat-animalier.fr\\\/wp-content\\\/uploads\\\/2024\\\/11\\\/IMG_5137-1.jpg\",\"width\":1494,\"height\":1963},{\"@type\":\"BreadcrumbList\",\"@id\":\"https:\\\/\\\/eclat-animalier.fr\\\/index.php\\\/pommes-stylisees-fruits\\\/#breadcrumb\",\"itemListElement\":[{\"@type\":\"ListItem\",\"position\":1,\"name\":\"Accueil\",\"item\":\"https:\\\/\\\/eclat-animalier.fr\\\/\"},{\"@type\":\"ListItem\",\"position\":2,\"name\":\"Fruits\"}]},{\"@type\":\"WebSite\",\"@id\":\"https:\\\/\\\/eclat-animalier.fr\\\/#website\",\"url\":\"https:\\\/\\\/eclat-animalier.fr\\\/\",\"name\":\"ECLAT ANIMALIER\",\"description\":\"D\u00e9couvrez des \u0153uvres uniques de portraits animaliers faits main\",\"potentialAction\":[{\"@type\":\"SearchAction\",\"target\":{\"@type\":\"EntryPoint\",\"urlTemplate\":\"https:\\\/\\\/eclat-animalier.fr\\\/?s={search_term_string}\"},\"query-input\":{\"@type\":\"PropertyValueSpecification\",\"valueRequired\":true,\"valueName\":\"search_term_string\"}}],\"inLanguage\":\"fr-FR\"}]}<\/script>\n<!-- \/ Yoast SEO plugin. -->","yoast_head_json":{"title":"Dessin fruits","description":"D\u00e9couvrez des \u0153uvres uniques de portraits animaliers faits main: des dessins, des esquisses au fusain, aux feutres polychromes, au pastel...","robots":{"index":"index","follow":"follow","max-snippet":"max-snippet:-1","max-image-preview":"max-image-preview:large","max-video-preview":"max-video-preview:-1"},"canonical":"https:\/\/eclat-animalier.fr\/index.php\/pommes-stylisees-fruits\/","og_locale":"fr_FR","og_type":"article","og_title":"Dessin fruits","og_description":"D\u00e9couvrez des \u0153uvres uniques de portraits animaliers faits main: des dessins, des esquisses au fusain, aux feutres polychromes, au pastel...","og_url":"https:\/\/eclat-animalier.fr\/index.php\/pommes-stylisees-fruits\/","og_site_name":"ECLAT ANIMALIER","article_modified_time":"2025-02-20T20:49:52+00:00","og_image":[{"url":"https:\/\/eclat-animalier.fr\/wp-content\/uploads\/2024\/11\/IMG_5137-1-779x1024.jpg","type":"","width":"","height":""}],"twitter_card":"summary_large_image","twitter_misc":{"Dur\u00e9e de lecture estim\u00e9e":"2 minutes"},"schema":{"@context":"https:\/\/schema.org","@graph":[{"@type":"WebPage","@id":"https:\/\/eclat-animalier.fr\/index.php\/pommes-stylisees-fruits\/","url":"https:\/\/eclat-animalier.fr\/index.php\/pommes-stylisees-fruits\/","name":"Dessin fruits","isPartOf":{"@id":"https:\/\/eclat-animalier.fr\/#website"},"primaryImageOfPage":{"@id":"https:\/\/eclat-animalier.fr\/index.php\/pommes-stylisees-fruits\/#primaryimage"},"image":{"@id":"https:\/\/eclat-animalier.fr\/index.php\/pommes-stylisees-fruits\/#primaryimage"},"thumbnailUrl":"https:\/\/eclat-animalier.fr\/wp-content\/uploads\/2024\/11\/IMG_5137-1-779x1024.jpg","datePublished":"2024-11-23T14:12:24+00:00","dateModified":"2025-02-20T20:49:52+00:00","description":"D\u00e9couvrez des \u0153uvres uniques de portraits animaliers faits main: des dessins, des esquisses au fusain, aux feutres polychromes, au pastel...","breadcrumb":{"@id":"https:\/\/eclat-animalier.fr\/index.php\/pommes-stylisees-fruits\/#breadcrumb"},"inLanguage":"fr-FR","potentialAction":[{"@type":"ReadAction","target":["https:\/\/eclat-animalier.fr\/index.php\/pommes-stylisees-fruits\/"]}]},{"@type":"ImageObject","inLanguage":"fr-FR","@id":"https:\/\/eclat-animalier.fr\/index.php\/pommes-stylisees-fruits\/#primaryimage","url":"https:\/\/eclat-animalier.fr\/wp-content\/uploads\/2024\/11\/IMG_5137-1.jpg","contentUrl":"https:\/\/eclat-animalier.fr\/wp-content\/uploads\/2024\/11\/IMG_5137-1.jpg","width":1494,"height":1963},{"@type":"BreadcrumbList","@id":"https:\/\/eclat-animalier.fr\/index.php\/pommes-stylisees-fruits\/#breadcrumb","itemListElement":[{"@type":"ListItem","position":1,"name":"Accueil","item":"https:\/\/eclat-animalier.fr\/"},{"@type":"ListItem","position":2,"name":"Fruits"}]},{"@type":"WebSite","@id":"https:\/\/eclat-animalier.fr\/#website","url":"https:\/\/eclat-animalier.fr\/","name":"ECLAT ANIMALIER","description":"D\u00e9couvrez des \u0153uvres uniques de portraits animaliers faits main","potentialAction":[{"@type":"SearchAction","target":{"@type":"EntryPoint","urlTemplate":"https:\/\/eclat-animalier.fr\/?s={search_term_string}"},"query-input":{"@type":"PropertyValueSpecification","valueRequired":true,"valueName":"search_term_string"}}],"inLanguage":"fr-FR"}]}},"_links":{"self":[{"href":"https:\/\/eclat-animalier.fr\/index.php\/wp-json\/wp\/v2\/pages\/433","targetHints":{"allow":["GET"]}}],"collection":[{"href":"https:\/\/eclat-animalier.fr\/index.php\/wp-json\/wp\/v2\/pages"}],"about":[{"href":"https:\/\/eclat-animalier.fr\/index.php\/wp-json\/wp\/v2\/types\/page"}],"author":[{"embeddable":true,"href":"https:\/\/eclat-animalier.fr\/index.php\/wp-json\/wp\/v2\/users\/1"}],"replies":[{"embeddable":true,"href":"https:\/\/eclat-animalier.fr\/index.php\/wp-json\/wp\/v2\/comments?post=433"}],"version-history":[{"count":33,"href":"https:\/\/eclat-animalier.fr\/index.php\/wp-json\/wp\/v2\/pages\/433\/revisions"}],"predecessor-version":[{"id":543,"href":"https:\/\/eclat-animalier.fr\/index.php\/wp-json\/wp\/v2\/pages\/433\/revisions\/543"}],"wp:attachment":[{"href":"https:\/\/eclat-animalier.fr\/index.php\/wp-json\/wp\/v2\/media?parent=433"}],"curies":[{"name":"wp","href":"https:\/\/api.w.org\/{rel}","templated":true}]}}