{"id":39,"date":"2024-10-30T19:54:05","date_gmt":"2024-10-30T18:54:05","guid":{"rendered":"https:\/\/eclat-animalier.fr\/?page_id=39"},"modified":"2025-10-26T23:23:55","modified_gmt":"2025-10-26T22:23:55","slug":"portrait-animal-animalier-dessin-esquisse-fusain-sanguine-feutres-crayon-de-papier-crayon-pierre-noire-art-fait-main-oeuvre-unique-felin-gorille-chimpanze-primate-lion-tigre-chien","status":"publish","type":"page","link":"https:\/\/eclat-animalier.fr\/","title":{"rendered":"Accueil"},"content":{"rendered":"\t\t<div data-elementor-type=\"wp-page\" data-elementor-id=\"39\" class=\"elementor elementor-39\">\n\t\t\t\t<div class=\"elementor-element elementor-element-7545c4a e-con-full e-flex e-con e-parent\" data-id=\"7545c4a\" data-element_type=\"container\" data-e-type=\"container\">\n\t\t\t\t<div class=\"elementor-element elementor-element-b8be81d elementor-widget__width-inherit elementor-widget elementor-widget-text-editor\" data-id=\"b8be81d\" data-element_type=\"widget\" data-e-type=\"widget\" data-widget_type=\"text-editor.default\">\n\t\t\t\t<div class=\"elementor-widget-container\">\n\t\t\t\t\t\t\t\t\t<p>J\u2019ai id\u00e9e que l\u2019art graphique doit sublimer l\u2019animal, aller au-del\u00e0 de la r\u00e9alit\u00e9, de la vision premi\u00e8re.<\/p><p>Il doit pouvoir jouer des couleurs, des contrastes, attirer le regard d\u2019une autre mani\u00e8re et rendre hommage \u00e0 l\u2019animal.\u00a0<\/p><p>Si l\u2019une de mes productions vous tape dans l\u2019\u0153il, c\u2019est qu\u2019elle est faite pour vous!<\/p><p>Vous pouvez voir mes diff\u00e9rentes production \u00e0 partir du menu en haut de la page.<\/p><p>Bonne visite<\/p>\t\t\t\t\t\t\t\t<\/div>\n\t\t\t\t<\/div>\n\t\t\t\t<div class=\"elementor-element elementor-element-ba0ad9b elementor-button-info elementor-align-center elementor-invisible elementor-widget elementor-widget-button\" data-id=\"ba0ad9b\" data-element_type=\"widget\" data-e-type=\"widget\" data-settings=\"{&quot;_animation&quot;:&quot;fadeInUp&quot;}\" data-widget_type=\"button.default\">\n\t\t\t\t<div class=\"elementor-widget-container\">\n\t\t\t\t\t\t\t\t\t<div class=\"elementor-button-wrapper\">\n\t\t\t\t\t<a class=\"elementor-button elementor-button-link elementor-size-sm elementor-animation-grow\" href=\"mailto:cc@eclat-animalier.fr\">\n\t\t\t\t\t\t<span class=\"elementor-button-content-wrapper\">\n\t\t\t\t\t\t\t\t\t<span class=\"elementor-button-text\">Si vous souhaitez me contacter par mail c'est ici<\/span>\n\t\t\t\t\t<\/span>\n\t\t\t\t\t<\/a>\n\t\t\t\t<\/div>\n\t\t\t\t\t\t\t\t<\/div>\n\t\t\t\t<\/div>\n\t\t\t\t<\/div>\n\t\t\t\t<\/div>\n\t\t","protected":false},"excerpt":{"rendered":"<p>J\u2019ai id\u00e9e que l\u2019art graphique doit sublimer l\u2019animal, aller au-del\u00e0 de la r\u00e9alit\u00e9, de la vision premi\u00e8re. Il doit pouvoir jouer des couleurs, des contrastes, attirer le regard d\u2019une autre mani\u00e8re et rendre hommage \u00e0 l\u2019animal.\u00a0 Si l\u2019une de mes productions vous tape dans l\u2019\u0153il, c\u2019est qu\u2019elle est faite pour vous! Vous pouvez voir mes [&hellip;]<\/p>\n","protected":false},"author":1,"featured_media":0,"parent":0,"menu_order":0,"comment_status":"closed","ping_status":"closed","template":"elementor_header_footer","meta":{"footnotes":""},"class_list":["post-39","page","type-page","status-publish","hentry","entry"],"yoast_head":"<!-- This site is optimized with the Yoast SEO plugin v27.3 - https:\/\/yoast.com\/product\/yoast-seo-wordpress\/ -->\n<title>&quot;Dessins d&#039;Animaux&quot;<\/title>\n<meta name=\"description\" content=\"A la d\u00e9couverte de portraits animaliers faits main : des dessins, des esquisses au fusain, aux feutres polychromes, au pastel, animaux\" \/>\n<meta name=\"robots\" content=\"index, follow, max-snippet:-1, max-image-preview:large, max-video-preview:-1\" \/>\n<link rel=\"canonical\" href=\"https:\/\/eclat-animalier.fr\/\" \/>\n<meta property=\"og:locale\" content=\"fr_FR\" \/>\n<meta property=\"og:type\" content=\"article\" \/>\n<meta property=\"og:title\" content=\"&quot;Dessins d&#039;Animaux&quot;\" \/>\n<meta property=\"og:description\" content=\"A la d\u00e9couverte de portraits animaliers faits main : des dessins, des esquisses au fusain, aux feutres polychromes, au pastel, animaux\" \/>\n<meta property=\"og:url\" content=\"https:\/\/eclat-animalier.fr\/\" \/>\n<meta property=\"og:site_name\" content=\"ECLAT ANIMALIER\" \/>\n<meta property=\"article:modified_time\" content=\"2025-10-26T22:23:55+00:00\" \/>\n<meta name=\"twitter:card\" content=\"summary_large_image\" \/>\n<meta name=\"twitter:label1\" content=\"Dur\u00e9e de lecture estim\u00e9e\" \/>\n\t<meta name=\"twitter:data1\" content=\"1 minute\" \/>\n<script type=\"application\/ld+json\" class=\"yoast-schema-graph\">{\"@context\":\"https:\\\/\\\/schema.org\",\"@graph\":[{\"@type\":\"WebPage\",\"@id\":\"https:\\\/\\\/eclat-animalier.fr\\\/\",\"url\":\"https:\\\/\\\/eclat-animalier.fr\\\/\",\"name\":\"\\\"Dessins d'Animaux\\\"\",\"isPartOf\":{\"@id\":\"https:\\\/\\\/eclat-animalier.fr\\\/#website\"},\"datePublished\":\"2024-10-30T18:54:05+00:00\",\"dateModified\":\"2025-10-26T22:23:55+00:00\",\"description\":\"A la d\u00e9couverte de portraits animaliers faits main : des dessins, des esquisses au fusain, aux feutres polychromes, au pastel, animaux\",\"breadcrumb\":{\"@id\":\"https:\\\/\\\/eclat-animalier.fr\\\/#breadcrumb\"},\"inLanguage\":\"fr-FR\",\"potentialAction\":[{\"@type\":\"ReadAction\",\"target\":[\"https:\\\/\\\/eclat-animalier.fr\\\/\"]}]},{\"@type\":\"BreadcrumbList\",\"@id\":\"https:\\\/\\\/eclat-animalier.fr\\\/#breadcrumb\",\"itemListElement\":[{\"@type\":\"ListItem\",\"position\":1,\"name\":\"Accueil\",\"item\":\"https:\\\/\\\/eclat-animalier.fr\\\/\"},{\"@type\":\"ListItem\",\"position\":2,\"name\":\"Accueil\"}]},{\"@type\":\"WebSite\",\"@id\":\"https:\\\/\\\/eclat-animalier.fr\\\/#website\",\"url\":\"https:\\\/\\\/eclat-animalier.fr\\\/\",\"name\":\"ECLAT ANIMALIER\",\"description\":\"D\u00e9couvrez des \u0153uvres uniques de portraits animaliers faits main\",\"potentialAction\":[{\"@type\":\"SearchAction\",\"target\":{\"@type\":\"EntryPoint\",\"urlTemplate\":\"https:\\\/\\\/eclat-animalier.fr\\\/?s={search_term_string}\"},\"query-input\":{\"@type\":\"PropertyValueSpecification\",\"valueRequired\":true,\"valueName\":\"search_term_string\"}}],\"inLanguage\":\"fr-FR\"}]}<\/script>\n<!-- \/ Yoast SEO plugin. -->","yoast_head_json":{"title":"\"Dessins d'Animaux\"","description":"A la d\u00e9couverte de portraits animaliers faits main : des dessins, des esquisses au fusain, aux feutres polychromes, au pastel, animaux","robots":{"index":"index","follow":"follow","max-snippet":"max-snippet:-1","max-image-preview":"max-image-preview:large","max-video-preview":"max-video-preview:-1"},"canonical":"https:\/\/eclat-animalier.fr\/","og_locale":"fr_FR","og_type":"article","og_title":"\"Dessins d'Animaux\"","og_description":"A la d\u00e9couverte de portraits animaliers faits main : des dessins, des esquisses au fusain, aux feutres polychromes, au pastel, animaux","og_url":"https:\/\/eclat-animalier.fr\/","og_site_name":"ECLAT ANIMALIER","article_modified_time":"2025-10-26T22:23:55+00:00","twitter_card":"summary_large_image","twitter_misc":{"Dur\u00e9e de lecture estim\u00e9e":"1 minute"},"schema":{"@context":"https:\/\/schema.org","@graph":[{"@type":"WebPage","@id":"https:\/\/eclat-animalier.fr\/","url":"https:\/\/eclat-animalier.fr\/","name":"\"Dessins d'Animaux\"","isPartOf":{"@id":"https:\/\/eclat-animalier.fr\/#website"},"datePublished":"2024-10-30T18:54:05+00:00","dateModified":"2025-10-26T22:23:55+00:00","description":"A la d\u00e9couverte de portraits animaliers faits main : des dessins, des esquisses au fusain, aux feutres polychromes, au pastel, animaux","breadcrumb":{"@id":"https:\/\/eclat-animalier.fr\/#breadcrumb"},"inLanguage":"fr-FR","potentialAction":[{"@type":"ReadAction","target":["https:\/\/eclat-animalier.fr\/"]}]},{"@type":"BreadcrumbList","@id":"https:\/\/eclat-animalier.fr\/#breadcrumb","itemListElement":[{"@type":"ListItem","position":1,"name":"Accueil","item":"https:\/\/eclat-animalier.fr\/"},{"@type":"ListItem","position":2,"name":"Accueil"}]},{"@type":"WebSite","@id":"https:\/\/eclat-animalier.fr\/#website","url":"https:\/\/eclat-animalier.fr\/","name":"ECLAT ANIMALIER","description":"D\u00e9couvrez des \u0153uvres uniques de portraits animaliers faits main","potentialAction":[{"@type":"SearchAction","target":{"@type":"EntryPoint","urlTemplate":"https:\/\/eclat-animalier.fr\/?s={search_term_string}"},"query-input":{"@type":"PropertyValueSpecification","valueRequired":true,"valueName":"search_term_string"}}],"inLanguage":"fr-FR"}]}},"_links":{"self":[{"href":"https:\/\/eclat-animalier.fr\/index.php\/wp-json\/wp\/v2\/pages\/39","targetHints":{"allow":["GET"]}}],"collection":[{"href":"https:\/\/eclat-animalier.fr\/index.php\/wp-json\/wp\/v2\/pages"}],"about":[{"href":"https:\/\/eclat-animalier.fr\/index.php\/wp-json\/wp\/v2\/types\/page"}],"author":[{"embeddable":true,"href":"https:\/\/eclat-animalier.fr\/index.php\/wp-json\/wp\/v2\/users\/1"}],"replies":[{"embeddable":true,"href":"https:\/\/eclat-animalier.fr\/index.php\/wp-json\/wp\/v2\/comments?post=39"}],"version-history":[{"count":108,"href":"https:\/\/eclat-animalier.fr\/index.php\/wp-json\/wp\/v2\/pages\/39\/revisions"}],"predecessor-version":[{"id":607,"href":"https:\/\/eclat-animalier.fr\/index.php\/wp-json\/wp\/v2\/pages\/39\/revisions\/607"}],"wp:attachment":[{"href":"https:\/\/eclat-animalier.fr\/index.php\/wp-json\/wp\/v2\/media?parent=39"}],"curies":[{"name":"wp","href":"https:\/\/api.w.org\/{rel}","templated":true}]}}