{"id":238,"date":"2024-11-02T09:13:35","date_gmt":"2024-11-02T08:13:35","guid":{"rendered":"https:\/\/eclat-animalier.fr\/?page_id=238"},"modified":"2024-12-08T15:50:11","modified_gmt":"2024-12-08T14:50:11","slug":"portrait-animal-animalier-dessin-esquisse-fusain-sanguine-feutres-crayon-de-papier-crayon-pierre-noire-art-fait-main-oeuvre-unique-felin-gorille-chimpanze-primate-lion-tigre-chien-2","status":"publish","type":"page","link":"https:\/\/eclat-animalier.fr\/index.php\/portrait-animal-animalier-dessin-esquisse-fusain-sanguine-feutres-crayon-de-papier-crayon-pierre-noire-art-fait-main-oeuvre-unique-felin-gorille-chimpanze-primate-lion-tigre-chien-2\/","title":{"rendered":"Passer commande d&rsquo;un portrait personnalis\u00e9"},"content":{"rendered":"\t\t<div data-elementor-type=\"wp-page\" data-elementor-id=\"238\" class=\"elementor elementor-238\">\n\t\t\t\t<div class=\"elementor-element elementor-element-66e2c9f e-con-full e-flex e-con e-parent\" data-id=\"66e2c9f\" data-element_type=\"container\" data-e-type=\"container\">\n\t\t\t\t<div class=\"elementor-element elementor-element-44267e8 elementor-widget elementor-widget-text-editor\" data-id=\"44267e8\" data-element_type=\"widget\" data-e-type=\"widget\" data-widget_type=\"text-editor.default\">\n\t\t\t\t<div class=\"elementor-widget-container\">\n\t\t\t\t\t\t\t\t\t<p>Vous souhaitez obtenir le portrait de votre animal ou d&rsquo;un animal que vous aimez particuli\u00e8rement, prenez le temps de d\u00e9finir votre projet, d\u00e9terminez:<\/p><p>&#8211; la couleur du fond : papier blanc, beige, noir ou gris<\/p><p>&#8211; la technique utilis\u00e9e: fusain, pastels, crayon de papier, feutres polychromes<\/p><p>&#8211; le format: 21 X 29, 7 cm &#8211; 24 X 32 &#8211; 32 X 50 &#8211; 50 X 65<\/p><p>\u00a0Contactez-moi par mail (lien ci-dessous)\u00a0et nous finaliserons ensemble votre projet.<\/p>\t\t\t\t\t\t\t\t<\/div>\n\t\t\t\t<\/div>\n\t\t\t\t<div class=\"elementor-element elementor-element-328ccf2 elementor-widget elementor-widget-text-editor\" data-id=\"328ccf2\" data-element_type=\"widget\" data-e-type=\"widget\" data-widget_type=\"text-editor.default\">\n\t\t\t\t<div class=\"elementor-widget-container\">\n\t\t\t\t\t\t\t\t\t<p>Depuis l\u2019enfance, je crayonne les animaux. Je \u00ab croque \u00bb principalement les mammif\u00e8res. Pourquoi ? Je ne le sais pas exactement. Ils exercent sans doute sur moi une sorte de fascination li\u00e9e \u00e0 leur beaut\u00e9 naturelle, pure, sans apparat. Rien de telle qu\u2019une magnifique photo pour observer longuement la beaut\u00e9 du monde animal. Aucune de mes productions ne remplacera jamais une belle photographie mais elle pourra divertir, interroger et surprendre le regard. Je fais souvent le choix d&rsquo;utiliser les contrastes et les couleurs compl\u00e9mentaires pour mettre en valeur l&rsquo;animal, le sublimer. Une production demande du temps (un minimum de 4h mais souvent plus) et de la concentration mais c&rsquo;est aussi un vrai plaisir!<\/p>\t\t\t\t\t\t\t\t<\/div>\n\t\t\t\t<\/div>\n\t\t\t\t<\/div>\n\t\t<div class=\"elementor-element elementor-element-2ccfb39 e-flex e-con-boxed e-con e-parent\" data-id=\"2ccfb39\" data-element_type=\"container\" data-e-type=\"container\">\n\t\t\t\t\t<div class=\"e-con-inner\">\n\t\t\t\t<div class=\"elementor-element elementor-element-952026f elementor-button-info elementor-align-center elementor-invisible elementor-widget elementor-widget-button\" data-id=\"952026f\" data-element_type=\"widget\" data-e-type=\"widget\" data-settings=\"{&quot;_animation&quot;:&quot;fadeInUp&quot;}\" data-widget_type=\"button.default\">\n\t\t\t\t<div class=\"elementor-widget-container\">\n\t\t\t\t\t\t\t\t\t<div class=\"elementor-button-wrapper\">\n\t\t\t\t\t<a class=\"elementor-button elementor-button-link elementor-size-sm elementor-animation-grow\" href=\"mailto:cc@eclat-animalier.fr\">\n\t\t\t\t\t\t<span class=\"elementor-button-content-wrapper\">\n\t\t\t\t\t\t\t\t\t<span class=\"elementor-button-text\">Si vous souhaitez me contacter par mail c'est ici<\/span>\n\t\t\t\t\t<\/span>\n\t\t\t\t\t<\/a>\n\t\t\t\t<\/div>\n\t\t\t\t\t\t\t\t<\/div>\n\t\t\t\t<\/div>\n\t\t\t\t\t<\/div>\n\t\t\t\t<\/div>\n\t\t<div class=\"elementor-element elementor-element-93cba25 e-flex e-con-boxed e-con e-parent\" data-id=\"93cba25\" data-element_type=\"container\" data-e-type=\"container\">\n\t\t\t\t\t<div class=\"e-con-inner\">\n\t\t\t\t<div class=\"elementor-element elementor-element-28d67f7 elementor-button-info elementor-align-center elementor-invisible elementor-widget elementor-widget-button\" data-id=\"28d67f7\" data-element_type=\"widget\" data-e-type=\"widget\" data-settings=\"{&quot;_animation&quot;:&quot;fadeInUp&quot;}\" data-widget_type=\"button.default\">\n\t\t\t\t<div class=\"elementor-widget-container\">\n\t\t\t\t\t\t\t\t\t<div class=\"elementor-button-wrapper\">\n\t\t\t\t\t<a class=\"elementor-button elementor-button-link elementor-size-sm elementor-animation-grow\" href=\"https:\/\/www.etsy.com\/shop\/Eclatanimalier\">\n\t\t\t\t\t\t<span class=\"elementor-button-content-wrapper\">\n\t\t\t\t\t\t\t\t\t<span class=\"elementor-button-text\">Si vous souhaitez acheter l'une de mes productions, cliquez ici <\/span>\n\t\t\t\t\t<\/span>\n\t\t\t\t\t<\/a>\n\t\t\t\t<\/div>\n\t\t\t\t\t\t\t\t<\/div>\n\t\t\t\t<\/div>\n\t\t\t\t\t<\/div>\n\t\t\t\t<\/div>\n\t\t\t\t<\/div>\n\t\t","protected":false},"excerpt":{"rendered":"<p>Vous souhaitez obtenir le portrait de votre animal ou d&rsquo;un animal que vous aimez particuli\u00e8rement, prenez le temps de d\u00e9finir votre projet, d\u00e9terminez: &#8211; la couleur du fond : papier blanc, beige, noir ou gris &#8211; la technique utilis\u00e9e: fusain, pastels, crayon de papier, feutres polychromes &#8211; le format: 21 X 29, 7 cm &#8211; [&hellip;]<\/p>\n","protected":false},"author":1,"featured_media":0,"parent":0,"menu_order":0,"comment_status":"closed","ping_status":"closed","template":"elementor_header_footer","meta":{"footnotes":""},"class_list":["post-238","page","type-page","status-publish","hentry","entry"],"yoast_head":"<!-- This site is optimized with the Yoast SEO plugin v27.3 - https:\/\/yoast.com\/product\/yoast-seo-wordpress\/ -->\n<title>Dessin animalier<\/title>\n<meta name=\"description\" content=\"D\u00e9couvrez des \u0153uvres uniques de portraits animaliers faits main: des dessins, des esquisses au fusain, aux feutres polychromes, au pastel...\" \/>\n<meta name=\"robots\" content=\"index, follow, max-snippet:-1, max-image-preview:large, max-video-preview:-1\" \/>\n<link rel=\"canonical\" href=\"https:\/\/eclat-animalier.fr\/index.php\/portrait-animal-animalier-dessin-esquisse-fusain-sanguine-feutres-crayon-de-papier-crayon-pierre-noire-art-fait-main-oeuvre-unique-felin-gorille-chimpanze-primate-lion-tigre-chien-2\/\" \/>\n<meta property=\"og:locale\" content=\"fr_FR\" \/>\n<meta property=\"og:type\" content=\"article\" \/>\n<meta property=\"og:title\" content=\"Dessin animalier\" \/>\n<meta property=\"og:description\" content=\"D\u00e9couvrez des \u0153uvres uniques de portraits animaliers faits main: des dessins, des esquisses au fusain, aux feutres polychromes, au pastel...\" \/>\n<meta property=\"og:url\" content=\"https:\/\/eclat-animalier.fr\/index.php\/portrait-animal-animalier-dessin-esquisse-fusain-sanguine-feutres-crayon-de-papier-crayon-pierre-noire-art-fait-main-oeuvre-unique-felin-gorille-chimpanze-primate-lion-tigre-chien-2\/\" \/>\n<meta property=\"og:site_name\" content=\"ECLAT ANIMALIER\" \/>\n<meta property=\"article:modified_time\" content=\"2024-12-08T14:50:11+00:00\" \/>\n<meta name=\"twitter:card\" content=\"summary_large_image\" \/>\n<meta name=\"twitter:label1\" content=\"Dur\u00e9e de lecture estim\u00e9e\" \/>\n\t<meta name=\"twitter:data1\" content=\"1 minute\" \/>\n<script type=\"application\/ld+json\" class=\"yoast-schema-graph\">{\"@context\":\"https:\\\/\\\/schema.org\",\"@graph\":[{\"@type\":\"WebPage\",\"@id\":\"https:\\\/\\\/eclat-animalier.fr\\\/index.php\\\/portrait-animal-animalier-dessin-esquisse-fusain-sanguine-feutres-crayon-de-papier-crayon-pierre-noire-art-fait-main-oeuvre-unique-felin-gorille-chimpanze-primate-lion-tigre-chien-2\\\/\",\"url\":\"https:\\\/\\\/eclat-animalier.fr\\\/index.php\\\/portrait-animal-animalier-dessin-esquisse-fusain-sanguine-feutres-crayon-de-papier-crayon-pierre-noire-art-fait-main-oeuvre-unique-felin-gorille-chimpanze-primate-lion-tigre-chien-2\\\/\",\"name\":\"Dessin animalier\",\"isPartOf\":{\"@id\":\"https:\\\/\\\/eclat-animalier.fr\\\/#website\"},\"datePublished\":\"2024-11-02T08:13:35+00:00\",\"dateModified\":\"2024-12-08T14:50:11+00:00\",\"description\":\"D\u00e9couvrez des \u0153uvres uniques de portraits animaliers faits main: des dessins, des esquisses au fusain, aux feutres polychromes, au pastel...\",\"breadcrumb\":{\"@id\":\"https:\\\/\\\/eclat-animalier.fr\\\/index.php\\\/portrait-animal-animalier-dessin-esquisse-fusain-sanguine-feutres-crayon-de-papier-crayon-pierre-noire-art-fait-main-oeuvre-unique-felin-gorille-chimpanze-primate-lion-tigre-chien-2\\\/#breadcrumb\"},\"inLanguage\":\"fr-FR\",\"potentialAction\":[{\"@type\":\"ReadAction\",\"target\":[\"https:\\\/\\\/eclat-animalier.fr\\\/index.php\\\/portrait-animal-animalier-dessin-esquisse-fusain-sanguine-feutres-crayon-de-papier-crayon-pierre-noire-art-fait-main-oeuvre-unique-felin-gorille-chimpanze-primate-lion-tigre-chien-2\\\/\"]}]},{\"@type\":\"BreadcrumbList\",\"@id\":\"https:\\\/\\\/eclat-animalier.fr\\\/index.php\\\/portrait-animal-animalier-dessin-esquisse-fusain-sanguine-feutres-crayon-de-papier-crayon-pierre-noire-art-fait-main-oeuvre-unique-felin-gorille-chimpanze-primate-lion-tigre-chien-2\\\/#breadcrumb\",\"itemListElement\":[{\"@type\":\"ListItem\",\"position\":1,\"name\":\"Accueil\",\"item\":\"https:\\\/\\\/eclat-animalier.fr\\\/\"},{\"@type\":\"ListItem\",\"position\":2,\"name\":\"Passer commande d&rsquo;un portrait personnalis\u00e9\"}]},{\"@type\":\"WebSite\",\"@id\":\"https:\\\/\\\/eclat-animalier.fr\\\/#website\",\"url\":\"https:\\\/\\\/eclat-animalier.fr\\\/\",\"name\":\"ECLAT ANIMALIER\",\"description\":\"D\u00e9couvrez des \u0153uvres uniques de portraits animaliers faits main\",\"potentialAction\":[{\"@type\":\"SearchAction\",\"target\":{\"@type\":\"EntryPoint\",\"urlTemplate\":\"https:\\\/\\\/eclat-animalier.fr\\\/?s={search_term_string}\"},\"query-input\":{\"@type\":\"PropertyValueSpecification\",\"valueRequired\":true,\"valueName\":\"search_term_string\"}}],\"inLanguage\":\"fr-FR\"}]}<\/script>\n<!-- \/ Yoast SEO plugin. -->","yoast_head_json":{"title":"Dessin animalier","description":"D\u00e9couvrez des \u0153uvres uniques de portraits animaliers faits main: des dessins, des esquisses au fusain, aux feutres polychromes, au pastel...","robots":{"index":"index","follow":"follow","max-snippet":"max-snippet:-1","max-image-preview":"max-image-preview:large","max-video-preview":"max-video-preview:-1"},"canonical":"https:\/\/eclat-animalier.fr\/index.php\/portrait-animal-animalier-dessin-esquisse-fusain-sanguine-feutres-crayon-de-papier-crayon-pierre-noire-art-fait-main-oeuvre-unique-felin-gorille-chimpanze-primate-lion-tigre-chien-2\/","og_locale":"fr_FR","og_type":"article","og_title":"Dessin animalier","og_description":"D\u00e9couvrez des \u0153uvres uniques de portraits animaliers faits main: des dessins, des esquisses au fusain, aux feutres polychromes, au pastel...","og_url":"https:\/\/eclat-animalier.fr\/index.php\/portrait-animal-animalier-dessin-esquisse-fusain-sanguine-feutres-crayon-de-papier-crayon-pierre-noire-art-fait-main-oeuvre-unique-felin-gorille-chimpanze-primate-lion-tigre-chien-2\/","og_site_name":"ECLAT ANIMALIER","article_modified_time":"2024-12-08T14:50:11+00:00","twitter_card":"summary_large_image","twitter_misc":{"Dur\u00e9e de lecture estim\u00e9e":"1 minute"},"schema":{"@context":"https:\/\/schema.org","@graph":[{"@type":"WebPage","@id":"https:\/\/eclat-animalier.fr\/index.php\/portrait-animal-animalier-dessin-esquisse-fusain-sanguine-feutres-crayon-de-papier-crayon-pierre-noire-art-fait-main-oeuvre-unique-felin-gorille-chimpanze-primate-lion-tigre-chien-2\/","url":"https:\/\/eclat-animalier.fr\/index.php\/portrait-animal-animalier-dessin-esquisse-fusain-sanguine-feutres-crayon-de-papier-crayon-pierre-noire-art-fait-main-oeuvre-unique-felin-gorille-chimpanze-primate-lion-tigre-chien-2\/","name":"Dessin animalier","isPartOf":{"@id":"https:\/\/eclat-animalier.fr\/#website"},"datePublished":"2024-11-02T08:13:35+00:00","dateModified":"2024-12-08T14:50:11+00:00","description":"D\u00e9couvrez des \u0153uvres uniques de portraits animaliers faits main: des dessins, des esquisses au fusain, aux feutres polychromes, au pastel...","breadcrumb":{"@id":"https:\/\/eclat-animalier.fr\/index.php\/portrait-animal-animalier-dessin-esquisse-fusain-sanguine-feutres-crayon-de-papier-crayon-pierre-noire-art-fait-main-oeuvre-unique-felin-gorille-chimpanze-primate-lion-tigre-chien-2\/#breadcrumb"},"inLanguage":"fr-FR","potentialAction":[{"@type":"ReadAction","target":["https:\/\/eclat-animalier.fr\/index.php\/portrait-animal-animalier-dessin-esquisse-fusain-sanguine-feutres-crayon-de-papier-crayon-pierre-noire-art-fait-main-oeuvre-unique-felin-gorille-chimpanze-primate-lion-tigre-chien-2\/"]}]},{"@type":"BreadcrumbList","@id":"https:\/\/eclat-animalier.fr\/index.php\/portrait-animal-animalier-dessin-esquisse-fusain-sanguine-feutres-crayon-de-papier-crayon-pierre-noire-art-fait-main-oeuvre-unique-felin-gorille-chimpanze-primate-lion-tigre-chien-2\/#breadcrumb","itemListElement":[{"@type":"ListItem","position":1,"name":"Accueil","item":"https:\/\/eclat-animalier.fr\/"},{"@type":"ListItem","position":2,"name":"Passer commande d&rsquo;un portrait personnalis\u00e9"}]},{"@type":"WebSite","@id":"https:\/\/eclat-animalier.fr\/#website","url":"https:\/\/eclat-animalier.fr\/","name":"ECLAT ANIMALIER","description":"D\u00e9couvrez des \u0153uvres uniques de portraits animaliers faits main","potentialAction":[{"@type":"SearchAction","target":{"@type":"EntryPoint","urlTemplate":"https:\/\/eclat-animalier.fr\/?s={search_term_string}"},"query-input":{"@type":"PropertyValueSpecification","valueRequired":true,"valueName":"search_term_string"}}],"inLanguage":"fr-FR"}]}},"_links":{"self":[{"href":"https:\/\/eclat-animalier.fr\/index.php\/wp-json\/wp\/v2\/pages\/238","targetHints":{"allow":["GET"]}}],"collection":[{"href":"https:\/\/eclat-animalier.fr\/index.php\/wp-json\/wp\/v2\/pages"}],"about":[{"href":"https:\/\/eclat-animalier.fr\/index.php\/wp-json\/wp\/v2\/types\/page"}],"author":[{"embeddable":true,"href":"https:\/\/eclat-animalier.fr\/index.php\/wp-json\/wp\/v2\/users\/1"}],"replies":[{"embeddable":true,"href":"https:\/\/eclat-animalier.fr\/index.php\/wp-json\/wp\/v2\/comments?post=238"}],"version-history":[{"count":36,"href":"https:\/\/eclat-animalier.fr\/index.php\/wp-json\/wp\/v2\/pages\/238\/revisions"}],"predecessor-version":[{"id":502,"href":"https:\/\/eclat-animalier.fr\/index.php\/wp-json\/wp\/v2\/pages\/238\/revisions\/502"}],"wp:attachment":[{"href":"https:\/\/eclat-animalier.fr\/index.php\/wp-json\/wp\/v2\/media?parent=238"}],"curies":[{"name":"wp","href":"https:\/\/api.w.org\/{rel}","templated":true}]}}